{"id":195,"date":"2024-04-09T22:39:41","date_gmt":"2024-04-09T22:39:41","guid":{"rendered":"https:\/\/teseltapa.wpenginepowered.com\/?post_type=product&#038;p=195"},"modified":"2024-04-23T13:40:01","modified_gmt":"2024-04-23T13:40:01","slug":"excavadora-130g","status":"publish","type":"product","link":"https:\/\/teselta.com\/en\/product\/excavadora-130g\/","title":{"rendered":"Excavadora 130G"},"content":{"rendered":"<p><strong>Motor<\/strong><br \/>\n<span class=\"tlid-translation translation\" lang=\"es\"><span class=\"\" title=\"\">El motor EPA FT4 \/ EU Stage IV emplea recirculaci\u00f3n de gases de escape refrigerados (EGR) comprobada en el campo para reducir el NOX, y un filtro de part\u00edculas di\u00e9sel y un catalizador de oxidaci\u00f3n diesel para reducir las part\u00edculas.<\/span><\/span><\/p>\n<p>Los intervalos de servicio de cenizas para el filtro de part\u00edculas diesel (DPF) se basan en la condici\u00f3n, y la m\u00e1quina notifica al operador antes de que se requiera servicio.<\/p>\n<p><span class=\"tlid-translation translation\" lang=\"es\"><span class=\"\" title=\"\">El sistema de enfriamiento de servicio pesado altamente eficiente mantiene las cosas frescas, incluso en entornos dif\u00edciles o grandes altitudes. El ventilador de tipo de succi\u00f3n de enfriamiento bajo demanda ayuda a reducir la acumulaci\u00f3n de material y el mantenimiento.<br \/>\n<\/span><\/span><br \/>\n<strong>Controles<\/strong><br \/>\nLas palancas piloto de tiro corto ergon\u00f3micamente correctas proporcionan un control suave y preciso de la punta de los dedos con menos movimiento y esfuerzo. El interruptor deslizante opcional proporciona control de velocidad proporcional.<\/p>\n<p><span class=\"tlid-translation translation\" lang=\"es\"><span class=\"\" title=\"\">Presione el bot\u00f3n power-boost en el control de la derecha para obtener potencia de excavaci\u00f3n adicional. El aumento de potencia tambi\u00e9n se activa autom\u00e1ticamente en las funciones de boom-up \/ elevaci\u00f3n.<br \/>\n<\/span><\/span><br \/>\n<strong>Productividad<\/strong><br \/>\nTres modos de productividad le permiten elegir el estilo de excavaci\u00f3n que se adapta al trabajo:<\/p>\n<ul>\n<li>La alta productividad ofrece m\u00e1s potencia y una respuesta hidr\u00e1ulica m\u00e1s r\u00e1pida para mover m\u00e1s material.<\/li>\n<li>Power ofrece un equilibrio de potencia, velocidad y econom\u00eda de combustible para un funcionamiento normal.<\/li>\n<li>La econom\u00eda limita la velocidad m\u00e1xima y ayuda a ahorrar combustible.<\/li>\n<\/ul>\n<p><strong>Utilidad<\/strong><br \/>\nLas grandes puertas con bisagras brindan un acceso abierto a los art\u00edculos de servicio. Los bancos de lubricantes, los filtros y los puntos de control se agrupan para mayor comodidad.<\/p>\n<p><strong>Visibilidad<\/strong><br \/>\nLa amplia extensi\u00f3n de vidrio frontal y lateral, los postes estrechos de la cabina delantera, la escotilla superior te\u00f1ida y numerosos espejos brindan una visibilidad panor\u00e1mica pr\u00e1cticamente ilimitada.<\/p>\n<p><strong>Brazo y Pluma<\/strong><br \/>\nLos brazos, brazos y mainframes duraderos tienen una garant\u00eda de tres a\u00f1os o 10,000 horas.<\/p>","protected":false},"excerpt":{"rendered":"<p>Potencia Neta: 73 kW (98 hp)<\/p>\n<p>Profundidad M\u00e1x. de Excavaci\u00f3n: 6.03 m (19 ft. 9 in.)<\/p>\n<p>Peso Operativo: 13,407 kg (29,531 lb.)<\/p>\n<p><img decoding=\"async\" class=\"alignnone size-medium wp-image-52\" src=\"https:\/\/teseltapa.wpenginepowered.com\/wp-content\/uploads\/2024\/03\/GonzalezTrading_Dealer_JohnDeere-300x90.png\" alt=\"\" width=\"300\" height=\"90\" \/><\/p>","protected":false},"featured_media":277,"template":"","meta":{"_acf_changed":false},"product_brand":[],"product_cat":[23,24],"product_tag":[25],"class_list":{"0":"post-195","1":"product","2":"type-product","3":"status-publish","4":"has-post-thumbnail","6":"product_cat-equipos-para-la-construccion","7":"product_cat-excavadoras","8":"product_tag-john-deere","10":"first","11":"instock","12":"shipping-taxable","13":"purchasable","14":"product-type-simple"},"acf":[],"yoast_head":"<!-- This site is optimized with the Yoast SEO plugin v27.3 - https:\/\/yoast.com\/product\/yoast-seo-wordpress\/ -->\n<title>Excavadora 130G - TESELTA<\/title>\n<meta name=\"robots\" content=\"index, follow, max-snippet:-1, max-image-preview:large, max-video-preview:-1\" \/>\n<link rel=\"canonical\" href=\"https:\/\/teselta.com\/en\/product\/excavadora-130g\/\" \/>\n<meta property=\"og:locale\" content=\"en_US\" \/>\n<meta property=\"og:type\" content=\"article\" \/>\n<meta property=\"og:title\" content=\"Excavadora 130G - TESELTA\" \/>\n<meta property=\"og:description\" content=\"Potencia Neta: 73 kW (98 hp)  Profundidad M\u00e1x. de Excavaci\u00f3n: 6.03 m (19 ft. 9 in.)  Peso Operativo: 13,407 kg (29,531 lb.)\" \/>\n<meta property=\"og:url\" content=\"https:\/\/teselta.com\/en\/product\/excavadora-130g\/\" \/>\n<meta property=\"og:site_name\" content=\"TESELTA\" \/>\n<meta property=\"article:publisher\" content=\"https:\/\/www.facebook.com\/TeseltaCo\" \/>\n<meta property=\"article:modified_time\" content=\"2024-04-23T13:40:01+00:00\" \/>\n<meta property=\"og:image\" content=\"https:\/\/teselta.com\/wp-content\/uploads\/2024\/04\/GonzalezTrading_JohnDeere_Excavator_130G.jpg\" \/>\n\t<meta property=\"og:image:width\" content=\"796\" \/>\n\t<meta property=\"og:image:height\" content=\"768\" \/>\n\t<meta property=\"og:image:type\" content=\"image\/webp\" \/>\n<meta name=\"twitter:card\" content=\"summary_large_image\" \/>\n<meta name=\"twitter:label1\" content=\"Est. reading time\" \/>\n\t<meta name=\"twitter:data1\" content=\"2 minutes\" \/>\n<script type=\"application\/ld+json\" class=\"yoast-schema-graph\">{\"@context\":\"https:\\\/\\\/schema.org\",\"@graph\":[{\"@type\":\"WebPage\",\"@id\":\"https:\\\/\\\/teselta.com\\\/product\\\/excavadora-130g\\\/\",\"url\":\"https:\\\/\\\/teselta.com\\\/product\\\/excavadora-130g\\\/\",\"name\":\"Excavadora 130G - TESELTA\",\"isPartOf\":{\"@id\":\"https:\\\/\\\/teselta.com\\\/#website\"},\"primaryImageOfPage\":{\"@id\":\"https:\\\/\\\/teselta.com\\\/product\\\/excavadora-130g\\\/#primaryimage\"},\"image\":{\"@id\":\"https:\\\/\\\/teselta.com\\\/product\\\/excavadora-130g\\\/#primaryimage\"},\"thumbnailUrl\":\"https:\\\/\\\/teselta.com\\\/wp-content\\\/uploads\\\/2024\\\/04\\\/GonzalezTrading_JohnDeere_Excavator_130G.jpg\",\"datePublished\":\"2024-04-09T22:39:41+00:00\",\"dateModified\":\"2024-04-23T13:40:01+00:00\",\"breadcrumb\":{\"@id\":\"https:\\\/\\\/teselta.com\\\/product\\\/excavadora-130g\\\/#breadcrumb\"},\"inLanguage\":\"en-US\",\"potentialAction\":[{\"@type\":\"ReadAction\",\"target\":[\"https:\\\/\\\/teselta.com\\\/product\\\/excavadora-130g\\\/\"]}]},{\"@type\":\"ImageObject\",\"inLanguage\":\"en-US\",\"@id\":\"https:\\\/\\\/teselta.com\\\/product\\\/excavadora-130g\\\/#primaryimage\",\"url\":\"https:\\\/\\\/teselta.com\\\/wp-content\\\/uploads\\\/2024\\\/04\\\/GonzalezTrading_JohnDeere_Excavator_130G.jpg\",\"contentUrl\":\"https:\\\/\\\/teselta.com\\\/wp-content\\\/uploads\\\/2024\\\/04\\\/GonzalezTrading_JohnDeere_Excavator_130G.jpg\",\"width\":796,\"height\":768},{\"@type\":\"BreadcrumbList\",\"@id\":\"https:\\\/\\\/teselta.com\\\/product\\\/excavadora-130g\\\/#breadcrumb\",\"itemListElement\":[{\"@type\":\"ListItem\",\"position\":1,\"name\":\"Home\",\"item\":\"https:\\\/\\\/teselta.com\\\/\"},{\"@type\":\"ListItem\",\"position\":2,\"name\":\"Shop\",\"item\":\"https:\\\/\\\/teselta.com\\\/shop\\\/\"},{\"@type\":\"ListItem\",\"position\":3,\"name\":\"Excavadora 130G\"}]},{\"@type\":\"WebSite\",\"@id\":\"https:\\\/\\\/teselta.com\\\/#website\",\"url\":\"https:\\\/\\\/teselta.com\\\/\",\"name\":\"Teselta\",\"description\":\"Los L\u00edderes en venta y renta de equipos\",\"publisher\":{\"@id\":\"https:\\\/\\\/teselta.com\\\/#organization\"},\"potentialAction\":[{\"@type\":\"SearchAction\",\"target\":{\"@type\":\"EntryPoint\",\"urlTemplate\":\"https:\\\/\\\/teselta.com\\\/?s={search_term_string}\"},\"query-input\":{\"@type\":\"PropertyValueSpecification\",\"valueRequired\":true,\"valueName\":\"search_term_string\"}}],\"inLanguage\":\"en-US\"},{\"@type\":\"Organization\",\"@id\":\"https:\\\/\\\/teselta.com\\\/#organization\",\"name\":\"Teselta\",\"url\":\"https:\\\/\\\/teselta.com\\\/\",\"logo\":{\"@type\":\"ImageObject\",\"inLanguage\":\"en-US\",\"@id\":\"https:\\\/\\\/teselta.com\\\/#\\\/schema\\\/logo\\\/image\\\/\",\"url\":\"https:\\\/\\\/teselta.com\\\/wp-content\\\/uploads\\\/2023\\\/02\\\/teselta-main-logo.svg\",\"contentUrl\":\"https:\\\/\\\/teselta.com\\\/wp-content\\\/uploads\\\/2023\\\/02\\\/teselta-main-logo.svg\",\"caption\":\"Teselta\"},\"image\":{\"@id\":\"https:\\\/\\\/teselta.com\\\/#\\\/schema\\\/logo\\\/image\\\/\"},\"sameAs\":[\"https:\\\/\\\/www.facebook.com\\\/TeseltaCo\",\"https:\\\/\\\/www.linkedin.com\\\/company\\\/teselta\\\/\",\"https:\\\/\\\/www.instagram.com\\\/teselta\",\"https:\\\/\\\/www.youtube.com\\\/@teselta4529\"]}]}<\/script>\n<!-- \/ Yoast SEO plugin. -->","yoast_head_json":{"title":"Excavadora 130G - TESELTA","robots":{"index":"index","follow":"follow","max-snippet":"max-snippet:-1","max-image-preview":"max-image-preview:large","max-video-preview":"max-video-preview:-1"},"canonical":"https:\/\/teselta.com\/en\/product\/excavadora-130g\/","og_locale":"en_US","og_type":"article","og_title":"Excavadora 130G - TESELTA","og_description":"Potencia Neta: 73 kW (98 hp)  Profundidad M\u00e1x. de Excavaci\u00f3n: 6.03 m (19 ft. 9 in.)  Peso Operativo: 13,407 kg (29,531 lb.)","og_url":"https:\/\/teselta.com\/en\/product\/excavadora-130g\/","og_site_name":"TESELTA","article_publisher":"https:\/\/www.facebook.com\/TeseltaCo","article_modified_time":"2024-04-23T13:40:01+00:00","og_image":[{"width":796,"height":768,"url":"https:\/\/teselta.com\/wp-content\/uploads\/2024\/04\/GonzalezTrading_JohnDeere_Excavator_130G.jpg","type":"image\/webp"}],"twitter_card":"summary_large_image","twitter_misc":{"Est. reading time":"2 minutes"},"schema":{"@context":"https:\/\/schema.org","@graph":[{"@type":"WebPage","@id":"https:\/\/teselta.com\/product\/excavadora-130g\/","url":"https:\/\/teselta.com\/product\/excavadora-130g\/","name":"Excavadora 130G - TESELTA","isPartOf":{"@id":"https:\/\/teselta.com\/#website"},"primaryImageOfPage":{"@id":"https:\/\/teselta.com\/product\/excavadora-130g\/#primaryimage"},"image":{"@id":"https:\/\/teselta.com\/product\/excavadora-130g\/#primaryimage"},"thumbnailUrl":"https:\/\/teselta.com\/wp-content\/uploads\/2024\/04\/GonzalezTrading_JohnDeere_Excavator_130G.jpg","datePublished":"2024-04-09T22:39:41+00:00","dateModified":"2024-04-23T13:40:01+00:00","breadcrumb":{"@id":"https:\/\/teselta.com\/product\/excavadora-130g\/#breadcrumb"},"inLanguage":"en-US","potentialAction":[{"@type":"ReadAction","target":["https:\/\/teselta.com\/product\/excavadora-130g\/"]}]},{"@type":"ImageObject","inLanguage":"en-US","@id":"https:\/\/teselta.com\/product\/excavadora-130g\/#primaryimage","url":"https:\/\/teselta.com\/wp-content\/uploads\/2024\/04\/GonzalezTrading_JohnDeere_Excavator_130G.jpg","contentUrl":"https:\/\/teselta.com\/wp-content\/uploads\/2024\/04\/GonzalezTrading_JohnDeere_Excavator_130G.jpg","width":796,"height":768},{"@type":"BreadcrumbList","@id":"https:\/\/teselta.com\/product\/excavadora-130g\/#breadcrumb","itemListElement":[{"@type":"ListItem","position":1,"name":"Home","item":"https:\/\/teselta.com\/"},{"@type":"ListItem","position":2,"name":"Shop","item":"https:\/\/teselta.com\/shop\/"},{"@type":"ListItem","position":3,"name":"Excavadora 130G"}]},{"@type":"WebSite","@id":"https:\/\/teselta.com\/#website","url":"https:\/\/teselta.com\/","name":"Teselta","description":"The leaders in equipment sales and rentals","publisher":{"@id":"https:\/\/teselta.com\/#organization"},"potentialAction":[{"@type":"SearchAction","target":{"@type":"EntryPoint","urlTemplate":"https:\/\/teselta.com\/?s={search_term_string}"},"query-input":{"@type":"PropertyValueSpecification","valueRequired":true,"valueName":"search_term_string"}}],"inLanguage":"en-US"},{"@type":"Organization","@id":"https:\/\/teselta.com\/#organization","name":"Teselta","url":"https:\/\/teselta.com\/","logo":{"@type":"ImageObject","inLanguage":"en-US","@id":"https:\/\/teselta.com\/#\/schema\/logo\/image\/","url":"https:\/\/teselta.com\/wp-content\/uploads\/2023\/02\/teselta-main-logo.svg","contentUrl":"https:\/\/teselta.com\/wp-content\/uploads\/2023\/02\/teselta-main-logo.svg","caption":"Teselta"},"image":{"@id":"https:\/\/teselta.com\/#\/schema\/logo\/image\/"},"sameAs":["https:\/\/www.facebook.com\/TeseltaCo","https:\/\/www.linkedin.com\/company\/teselta\/","https:\/\/www.instagram.com\/teselta","https:\/\/www.youtube.com\/@teselta4529"]}]}},"_links":{"self":[{"href":"https:\/\/teselta.com\/en\/wp-json\/wp\/v2\/product\/195","targetHints":{"allow":["GET"]}}],"collection":[{"href":"https:\/\/teselta.com\/en\/wp-json\/wp\/v2\/product"}],"about":[{"href":"https:\/\/teselta.com\/en\/wp-json\/wp\/v2\/types\/product"}],"wp:featuredmedia":[{"embeddable":true,"href":"https:\/\/teselta.com\/en\/wp-json\/wp\/v2\/media\/277"}],"wp:attachment":[{"href":"https:\/\/teselta.com\/en\/wp-json\/wp\/v2\/media?parent=195"}],"wp:term":[{"taxonomy":"product_brand","embeddable":true,"href":"https:\/\/teselta.com\/en\/wp-json\/wp\/v2\/product_brand?post=195"},{"taxonomy":"product_cat","embeddable":true,"href":"https:\/\/teselta.com\/en\/wp-json\/wp\/v2\/product_cat?post=195"},{"taxonomy":"product_tag","embeddable":true,"href":"https:\/\/teselta.com\/en\/wp-json\/wp\/v2\/product_tag?post=195"}],"curies":[{"name":"wp","href":"https:\/\/api.w.org\/{rel}","templated":true}]}}